{"id":26,"date":"2026-02-21T11:36:57","date_gmt":"2026-02-21T11:36:57","guid":{"rendered":"https:\/\/ayasharif.studentsweb.at\/?page_id=26"},"modified":"2026-03-29T19:38:48","modified_gmt":"2026-03-29T19:38:48","slug":"home","status":"publish","type":"page","link":"https:\/\/ayasharif.studentsweb.at\/","title":{"rendered":"Home"},"content":{"rendered":"\n<div class=\"wp-block-group has-theme-palette-8-background-color has-background\" style=\"min-height:450px;margin-top:var(--wp--preset--spacing--30);margin-bottom:var(--wp--preset--spacing--30);padding-top:var(--wp--preset--spacing--70);padding-right:var(--wp--preset--spacing--50);padding-bottom:var(--wp--preset--spacing--70);padding-left:var(--wp--preset--spacing--50)\"><div class=\"wp-block-group__inner-container is-layout-constrained wp-container-core-group-is-layout-9b633796 wp-block-group-is-layout-constrained\">\n<div class=\"wp-block-columns is-layout-flex wp-container-core-columns-is-layout-9d6595d7 wp-block-columns-is-layout-flex\">\n<div class=\"wp-block-column is-layout-flow wp-block-column-is-layout-flow\">\n<h1 class=\"wp-block-heading has-larger-font-size\">Sagen Sie nicht Nachhilfe.<br>Sagen Sie einfach&#8230;<br><mark style=\"background-color:rgba(0, 0, 0, 0)\" class=\"has-inline-color has-theme-palette-12-color\">learnUP.<\/mark><\/h1>\n\n\n\n<p class=\"has-theme-palette-6-color has-text-color has-link-color wp-elements-7b840878cfe5e83eee368411be120b41\">Individuelle F\u00f6rderung f\u00fcr Sch\u00fcler:innen und Erwachsene \u2013 seit vielen Jahren erfolgreich.<\/p>\n\n\n\n<div class=\"wp-block-buttons has-custom-font-size has-medium-font-size is-layout-flex wp-block-buttons-is-layout-flex\">\n<div class=\"wp-block-button\"><a class=\"wp-block-button__link wp-element-button\">Jetzt Beratung sichern<\/a><\/div>\n<\/div>\n<\/div>\n\n\n\n<div class=\"wp-block-column is-layout-flow wp-block-column-is-layout-flow\">\n<figure class=\"wp-block-image size-large has-custom-border is-style-default wp-duotone-unset-1\"><img loading=\"lazy\" decoding=\"async\" width=\"1024\" height=\"681\" src=\"https:\/\/ayasharif.studentsweb.at\/wp-content\/uploads\/2026\/03\/college-girls-studying-together1-1024x681.jpg\" alt=\"Sch\u00fcler:innen lernen\n\" class=\"wp-image-70\" style=\"border-top-left-radius:20px;border-top-right-radius:20px;border-bottom-left-radius:20px;border-bottom-right-radius:20px\" srcset=\"https:\/\/ayasharif.studentsweb.at\/wp-content\/uploads\/2026\/03\/college-girls-studying-together1-1024x681.jpg 1024w, https:\/\/ayasharif.studentsweb.at\/wp-content\/uploads\/2026\/03\/college-girls-studying-together1-300x200.jpg 300w, https:\/\/ayasharif.studentsweb.at\/wp-content\/uploads\/2026\/03\/college-girls-studying-together1-768x511.jpg 768w, https:\/\/ayasharif.studentsweb.at\/wp-content\/uploads\/2026\/03\/college-girls-studying-together1-1536x1022.jpg 1536w, https:\/\/ayasharif.studentsweb.at\/wp-content\/uploads\/2026\/03\/college-girls-studying-together1-2048x1363.jpg 2048w\" sizes=\"auto, (max-width: 1024px) 100vw, 1024px\" \/><\/figure>\n<\/div>\n<\/div>\n<\/div><\/div>\n\n\n\n<p><\/p>\n","protected":false},"excerpt":{"rendered":"<p>Sagen Sie nicht Nachhilfe.Sagen Sie einfach&#8230;learnUP. Individuelle F\u00f6rderung f\u00fcr Sch\u00fcler:innen und Erwachsene \u2013 seit vielen Jahren erfolgreich.<\/p>\n","protected":false},"author":1,"featured_media":0,"parent":0,"menu_order":0,"comment_status":"closed","ping_status":"closed","template":"","meta":{"_kad_post_transparent":"","_kad_post_title":"","_kad_post_layout":"","_kad_post_sidebar_id":"","_kad_post_content_style":"","_kad_post_vertical_padding":"","_kad_post_feature":"","_kad_post_feature_position":"","_kad_post_header":false,"_kad_post_footer":false,"_kad_post_classname":"","footnotes":"[]"},"class_list":["post-26","page","type-page","status-publish","hentry"],"_links":{"self":[{"href":"https:\/\/ayasharif.studentsweb.at\/index.php?rest_route=\/wp\/v2\/pages\/26","targetHints":{"allow":["GET"]}}],"collection":[{"href":"https:\/\/ayasharif.studentsweb.at\/index.php?rest_route=\/wp\/v2\/pages"}],"about":[{"href":"https:\/\/ayasharif.studentsweb.at\/index.php?rest_route=\/wp\/v2\/types\/page"}],"author":[{"embeddable":true,"href":"https:\/\/ayasharif.studentsweb.at\/index.php?rest_route=\/wp\/v2\/users\/1"}],"replies":[{"embeddable":true,"href":"https:\/\/ayasharif.studentsweb.at\/index.php?rest_route=%2Fwp%2Fv2%2Fcomments&post=26"}],"version-history":[{"count":8,"href":"https:\/\/ayasharif.studentsweb.at\/index.php?rest_route=\/wp\/v2\/pages\/26\/revisions"}],"predecessor-version":[{"id":72,"href":"https:\/\/ayasharif.studentsweb.at\/index.php?rest_route=\/wp\/v2\/pages\/26\/revisions\/72"}],"wp:attachment":[{"href":"https:\/\/ayasharif.studentsweb.at\/index.php?rest_route=%2Fwp%2Fv2%2Fmedia&parent=26"}],"curies":[{"name":"wp","href":"https:\/\/api.w.org\/{rel}","templated":true}]}}